{"id":89,"date":"2017-12-03T15:25:48","date_gmt":"2017-12-03T14:25:48","guid":{"rendered":"http:\/\/www.gustl.net:82\/Mebatex\/?page_id=89"},"modified":"2020-05-27T10:44:22","modified_gmt":"2020-05-27T08:44:22","slug":"kontakt","status":"publish","type":"page","link":"https:\/\/www.mebatex.com\/en\/kontakt\/","title":{"rendered":"Contact"},"content":{"rendered":"<p><\/p>\n<table>\n<tbody>\n<tr>\n<td><a href=\"https:\/\/goo.gl\/maps\/3rjJVrHSGapzPHMS7\" target=\"_blank\" rel=\"noopener noreferrer\"><img loading=\"lazy\" class=\"wp-image-227\" src=\"\/\/www.mebatex.com\/wp-content\/uploads\/mapa.jpg\" alt=\"\" width=\"242\" height=\"173\" \/><\/a><\/td>\n<td style=\"vertical-align: top;\">\n<h2>MEBATEX s.r.o.<\/h2>\n<p><a target=\"_blank\" href=\"https:\/\/goo.gl\/maps\/3rjJVrHSGapzPHMS7\" rel=\"noopener noreferrer\">U Vle\u010dky 13<\/a><br \/>\n617 00 Brno, \u010cesk\u00e1 republika<br \/>\nICO 63487969<br \/>\nz\u00e1pis OR &#8211; KS v Brn\u011b odd\u00edl C, vlo\u017eka 21516<br \/>\n&nbsp;<br \/>\ntel.: <a href=\"tel:+420545233759\">+420 545 233 759<\/a><br \/>\nfax: +420 545 233 723<br \/>\n&nbsp;<br \/>\nemail: <a href=\"mailto:bestellungen@mebatex.cz\">bestellungen@mebatex.cz<\/a><br \/>\n&nbsp;<\/td>\n<\/tr>\n<tr>\n<td><img loading=\"lazy\" class=\"wp-image-73\" src=\"\/\/www.mebatex.com\/wp-content\/uploads\/guntram_schneider.jpg\" alt=\"\" width=\"225\" height=\"225\" \/><\/td>\n<td style=\"vertical-align: top;\">\n<h2>Guntram Schneider<\/h2>\n<h3>Business Manager<\/h3>\n<p><a href=\"mailto:guntram.schneider@mebatex.cz\">guntram.schneider@mebatex.cz<\/a><\/td>\n<\/tr>\n<tr>\n<td><img loading=\"lazy\" class=\"wp-image-309\" src=\"\/\/www.mebatex.com\/wp-content\/uploads\/mueller.png\" alt=\"\" width=\"225\" height=\"225\" \/><\/td>\n<td style=\"vertical-align: top;\">\n<h2>R\u00fcdiger M\u00fcller <\/h2>\n<h3>Verkauf \/ Konstruktion<\/h3>\n<p><a href=\"mailto:ruediger.mueller@mebatex.de\">ruediger.mueller@mebatex.de<\/a><\/td>\n<\/tr>\n<tr>\n<td><img loading=\"lazy\" class=\"alignleft wp-image-80\" src=\"\/\/www.mebatex.com\/wp-content\/uploads\/martin_fanta.jpg\" alt=\"\" width=\"225\" height=\"225\" \/><\/td>\n<td style=\"vertical-align: top;\">\n<h2>Martin Fanta<\/h2>\n<h3>Production Manager<\/h3>\n<p><a href=\"mailto:martin.fanta@mebatex.cz\">martin.fanta@mebatex.cz<\/a><\/td>\n<\/tr>\n<\/tbody>\n<\/table>\n<p><\/p>","protected":false},"excerpt":{"rendered":"<p>MEBATEX s.r.o. U Vle\u010dky 13 617 00 Brno, \u010cesk\u00e1 republika ICO 63487969 z\u00e1pis OR &#8211; KS v Brn\u011b odd\u00edl C, vlo\u017eka 21516 &nbsp; tel.: +420 545 233 759 fax: +420 545 233 723 &nbsp; email: bestellungen@mebatex.cz &nbsp; Guntram Schneider Business Manager guntram.schneider@mebatex.cz R\u00fcdiger M\u00fcller Verkauf \/ Konstruktion ruediger.mueller@mebatex.de Martin Fanta Production Manager martin.fanta@mebatex.cz<\/p>\n","protected":false},"author":1,"featured_media":0,"parent":0,"menu_order":16,"comment_status":"closed","ping_status":"closed","template":"","meta":[],"categories":[8],"_links":{"self":[{"href":"https:\/\/www.mebatex.com\/en\/wp-json\/wp\/v2\/pages\/89"}],"collection":[{"href":"https:\/\/www.mebatex.com\/en\/wp-json\/wp\/v2\/pages"}],"about":[{"href":"https:\/\/www.mebatex.com\/en\/wp-json\/wp\/v2\/types\/page"}],"author":[{"embeddable":true,"href":"https:\/\/www.mebatex.com\/en\/wp-json\/wp\/v2\/users\/1"}],"replies":[{"embeddable":true,"href":"https:\/\/www.mebatex.com\/en\/wp-json\/wp\/v2\/comments?post=89"}],"version-history":[{"count":25,"href":"https:\/\/www.mebatex.com\/en\/wp-json\/wp\/v2\/pages\/89\/revisions"}],"predecessor-version":[{"id":643,"href":"https:\/\/www.mebatex.com\/en\/wp-json\/wp\/v2\/pages\/89\/revisions\/643"}],"wp:attachment":[{"href":"https:\/\/www.mebatex.com\/en\/wp-json\/wp\/v2\/media?parent=89"}],"wp:term":[{"taxonomy":"category","embeddable":true,"href":"https:\/\/www.mebatex.com\/en\/wp-json\/wp\/v2\/categories?post=89"}],"curies":[{"name":"wp","href":"https:\/\/api.w.org\/{rel}","templated":true}]}}