{"id":102,"date":"2017-12-04T10:46:45","date_gmt":"2017-12-04T09:46:45","guid":{"rendered":"http:\/\/www.gustl.net:82\/Mebatex\/?page_id=102"},"modified":"2021-03-09T14:02:25","modified_gmt":"2021-03-09T13:02:25","slug":"impressum","status":"publish","type":"page","link":"https:\/\/www.mebatex.com\/en\/impressum\/","title":{"rendered":"(Deutsch) Impressum"},"content":{"rendered":"<p><\/p>\n<h3>Company Name<\/h3>\n<p>Mebatex s.r.o<br \/>\nMaschinenfabrik<\/p>\n<h3>Location<\/h3>\n<p>U Vle\u010dky 13<br \/>\n617 00 Brno<br \/>\n\u010cesk\u00e1 republika<\/p>\n<h3>VAT-Number<\/h3>\n<p>ICO 63487969<br \/>\nz\u00e1pis OR &#8211; KS v Brn\u00ec odd\u00edl C, vlo\u017eka 21516<\/p>\n<h3>Contact<\/h3>\n<p>Tel: <a href=\"tel:+420545233759\">+420 545 233 759<\/a><br \/>\nFax: +420 545 233 723<br \/>\nE-Mail: <a href=\"mailto:mebatexbrno@mebatex.cz\">mebatexbrno@mebatex.cz<\/a><\/p>","protected":false},"excerpt":{"rendered":"<p>Company Name Mebatex s.r.o Maschinenfabrik Location U Vle\u010dky 13 617 00 Brno \u010cesk\u00e1 republika VAT-Number ICO 63487969 z\u00e1pis OR &#8211; KS v Brn\u00ec odd\u00edl C, vlo\u017eka 21516 Contact Tel: +420 545 233 759 Fax: +420 545 233 723 E-Mail: mebatexbrno@mebatex.cz<\/p>\n","protected":false},"author":1,"featured_media":0,"parent":0,"menu_order":11,"comment_status":"closed","ping_status":"closed","template":"","meta":[],"categories":[],"_links":{"self":[{"href":"https:\/\/www.mebatex.com\/en\/wp-json\/wp\/v2\/pages\/102"}],"collection":[{"href":"https:\/\/www.mebatex.com\/en\/wp-json\/wp\/v2\/pages"}],"about":[{"href":"https:\/\/www.mebatex.com\/en\/wp-json\/wp\/v2\/types\/page"}],"author":[{"embeddable":true,"href":"https:\/\/www.mebatex.com\/en\/wp-json\/wp\/v2\/users\/1"}],"replies":[{"embeddable":true,"href":"https:\/\/www.mebatex.com\/en\/wp-json\/wp\/v2\/comments?post=102"}],"version-history":[{"count":5,"href":"https:\/\/www.mebatex.com\/en\/wp-json\/wp\/v2\/pages\/102\/revisions"}],"predecessor-version":[{"id":732,"href":"https:\/\/www.mebatex.com\/en\/wp-json\/wp\/v2\/pages\/102\/revisions\/732"}],"wp:attachment":[{"href":"https:\/\/www.mebatex.com\/en\/wp-json\/wp\/v2\/media?parent=102"}],"wp:term":[{"taxonomy":"category","embeddable":true,"href":"https:\/\/www.mebatex.com\/en\/wp-json\/wp\/v2\/categories?post=102"}],"curies":[{"name":"wp","href":"https:\/\/api.w.org\/{rel}","templated":true}]}}